{"id":543,"date":"2025-10-24T20:50:42","date_gmt":"2025-10-24T20:50:42","guid":{"rendered":"https:\/\/vikas.cl\/?page_id=543"},"modified":"2025-10-30T21:59:01","modified_gmt":"2025-10-30T21:59:01","slug":"servicios-mantenimiento","status":"publish","type":"page","link":"https:\/\/vikas.cl\/?page_id=543","title":{"rendered":"Servicios Mantenimiento"},"content":{"rendered":"<p>[et_pb_section fb_built=&#8221;1&#8243; _builder_version=&#8221;4.27.4&#8243; _module_preset=&#8221;default&#8221; custom_margin=&#8221;||||false|false&#8221; global_colors_info=&#8221;{}&#8221;][et_pb_row _builder_version=&#8221;4.27.4&#8243; _module_preset=&#8221;default&#8221; max_width=&#8221;2560px&#8221; custom_margin=&#8221;5vh||||false|false&#8221; global_colors_info=&#8221;{}&#8221;][et_pb_column type=&#8221;4_4&#8243; _builder_version=&#8221;4.27.4&#8243; _module_preset=&#8221;default&#8221; global_colors_info=&#8221;{}&#8221;][et_pb_text _builder_version=&#8221;4.27.4&#8243; _module_preset=&#8221;default&#8221; text_font_size=&#8221;19px&#8221; header_font=&#8221;||||||||&#8221; header_font_size=&#8221;40px&#8221; hover_enabled=&#8221;0&#8243; global_colors_info=&#8221;{}&#8221; sticky_enabled=&#8221;0&#8243;]<\/p>\n<h1 data-start=\"252\" data-end=\"286\"><strong data-start=\"256\" data-end=\"284\">Mantenimiento Preventivo<\/strong><\/h1>\n<p data-start=\"287\" data-end=\"641\">En Vikas Multiservicios realizamos planes de mantenimiento preventivo dise\u00f1ados para mantener el \u00f3ptimo funcionamiento de sistemas de climatizaci\u00f3n y equipos el\u00e9ctricos. Aplicamos protocolos t\u00e9cnicos certificados que permiten detectar y corregir fallas antes de que ocurran, garantizando seguridad, eficiencia y continuidad operativa en cada instalaci\u00f3n.<\/p>\n<p>[\/et_pb_text][\/et_pb_column][\/et_pb_row][et_pb_row column_structure=&#8221;1_2,1_2&#8243; _builder_version=&#8221;4.27.4&#8243; _module_preset=&#8221;default&#8221; max_width=&#8221;2560px&#8221; global_colors_info=&#8221;{}&#8221;][et_pb_column type=&#8221;1_2&#8243; _builder_version=&#8221;4.27.4&#8243; _module_preset=&#8221;default&#8221; global_colors_info=&#8221;{}&#8221;][et_pb_slider _builder_version=&#8221;4.27.4&#8243; _module_preset=&#8221;default&#8221; height=&#8221;50vh&#8221; max_height=&#8221;1000px&#8221; auto=&#8221;on&#8221; auto_speed=&#8221;5000&#8243; auto_ignore_hover=&#8221;on&#8221; global_colors_info=&#8221;{}&#8221;][et_pb_slide _builder_version=&#8221;4.27.4&#8243; _module_preset=&#8221;default&#8221; background_image=&#8221;https:\/\/vikas.cl\/wp-content\/uploads\/2025\/10\/imagen_2025-10-24_172952838-e1761338033733.png&#8221; background_enable_image=&#8221;on&#8221; global_colors_info=&#8221;{}&#8221; sticky_transition=&#8221;on&#8221;][\/et_pb_slide][et_pb_slide heading_last_edited=&#8221;off|desktop&#8221; _builder_version=&#8221;4.27.4&#8243; _module_preset=&#8221;default&#8221; background_image=&#8221;https:\/\/vikas.cl\/wp-content\/uploads\/2025\/10\/imagen_2025-10-24_173002026-e1761338090677.png&#8221; background_enable_image=&#8221;on&#8221; global_colors_info=&#8221;{}&#8221; sticky_transition=&#8221;on&#8221;][\/et_pb_slide][et_pb_slide heading_last_edited=&#8221;off|desktop&#8221; _builder_version=&#8221;4.27.4&#8243; _module_preset=&#8221;default&#8221; background_image=&#8221;https:\/\/vikas.cl\/wp-content\/uploads\/2025\/10\/imagen_2025-10-24_173652027-e1761338440741.png&#8221; background_enable_image=&#8221;on&#8221; global_colors_info=&#8221;{}&#8221; sticky_transition=&#8221;on&#8221;][\/et_pb_slide][\/et_pb_slider][\/et_pb_column][et_pb_column type=&#8221;1_2&#8243; _builder_version=&#8221;4.27.4&#8243; _module_preset=&#8221;default&#8221; global_colors_info=&#8221;{}&#8221;][et_pb_text _builder_version=&#8221;4.27.4&#8243; _module_preset=&#8221;default&#8221; text_font_size=&#8221;17px&#8221; width=&#8221;80%&#8221; custom_margin=&#8221;10%||||false|false&#8221; global_colors_info=&#8221;{}&#8221;]<\/p>\n<h1 data-start=\"710\" data-end=\"752\"><strong data-start=\"714\" data-end=\"750\">Cuidado y Eficiencia Garantizada<\/strong><\/h1>\n<p data-start=\"753\" data-end=\"1054\">\n<p data-start=\"753\" data-end=\"1054\">Nuestros mantenimientos peri\u00f3dicos aseguran el rendimiento constante y la prolongaci\u00f3n de la vida \u00fatil de cada equipo. Cada servicio es ejecutado por t\u00e9cnicos especializados que inspeccionan, limpian y calibran los sistemas, asegurando su operaci\u00f3n eficiente y un ambiente confortable en todo momento.<\/p>\n<p>[\/et_pb_text][\/et_pb_column][\/et_pb_row][et_pb_row column_structure=&#8221;1_2,1_2&#8243; _builder_version=&#8221;4.27.4&#8243; _module_preset=&#8221;default&#8221; max_width=&#8221;2560px&#8221; custom_padding=&#8221;||61px|||&#8221; global_colors_info=&#8221;{}&#8221;][et_pb_column type=&#8221;1_2&#8243; _builder_version=&#8221;4.27.4&#8243; _module_preset=&#8221;default&#8221; global_colors_info=&#8221;{}&#8221;][et_pb_text _builder_version=&#8221;4.27.4&#8243; _module_preset=&#8221;default&#8221; text_font_size=&#8221;17px&#8221; width=&#8221;80%&#8221; custom_margin=&#8221;10%||||false|false&#8221; hover_enabled=&#8221;0&#8243; global_colors_info=&#8221;{}&#8221; sticky_enabled=&#8221;0&#8243;]<\/p>\n<h1 data-start=\"230\" data-end=\"269\"><strong data-start=\"234\" data-end=\"267\">Supervisi\u00f3n y Control T\u00e9cnico<\/strong><\/h1>\n<p data-start=\"270\" data-end=\"629\">\n<p data-start=\"270\" data-end=\"629\">Cada mantenimiento incluye una evaluaci\u00f3n completa del estado operativo del sistema, identificando posibles puntos de desgaste o fallas futuras. Nuestro equipo t\u00e9cnico emplea instrumentos de medici\u00f3n y diagn\u00f3stico avanzados que permiten asegurar el rendimiento ideal, la eficiencia energ\u00e9tica y el cumplimiento de las normas de calidad en cada intervenci\u00f3n.<\/p>\n<p>[\/et_pb_text][\/et_pb_column][et_pb_column type=&#8221;1_2&#8243; _builder_version=&#8221;4.27.4&#8243; _module_preset=&#8221;default&#8221; global_colors_info=&#8221;{}&#8221;][et_pb_slider _builder_version=&#8221;4.27.4&#8243; _module_preset=&#8221;default&#8221; height=&#8221;50vh&#8221; max_height=&#8221;1000px&#8221; global_colors_info=&#8221;{}&#8221;][et_pb_slide _builder_version=&#8221;4.27.4&#8243; _module_preset=&#8221;default&#8221; background_image=&#8221;https:\/\/vikas.cl\/wp-content\/uploads\/2025\/10\/imagen_2025-10-24_174639438-e1761338911495.png&#8221; background_enable_image=&#8221;on&#8221; global_colors_info=&#8221;{}&#8221; sticky_transition=&#8221;on&#8221;][\/et_pb_slide][\/et_pb_slider][\/et_pb_column][\/et_pb_row][et_pb_row _builder_version=&#8221;4.27.4&#8243; _module_preset=&#8221;default&#8221; background_enable_color=&#8221;off&#8221; width=&#8221;50%&#8221; width_tablet=&#8221;90%&#8221; width_phone=&#8221;90%&#8221; width_last_edited=&#8221;on|tablet&#8221; max_width=&#8221;90%&#8221; custom_margin=&#8221;||||false|false&#8221; global_colors_info=&#8221;{}&#8221;][et_pb_column type=&#8221;4_4&#8243; module_class=&#8221;pa-inline-buttons&#8221; _builder_version=&#8221;4.27.4&#8243; _module_preset=&#8221;default&#8221; custom_padding=&#8221;20px|20px|20px|20px|true|true&#8221; custom_css_free_form=&#8221;.pa-inline-buttons .et_pb_button_module_wrapper {||    display: inline-block;||}||.pa-inline-buttons {||    text-align: center !important;||}&#8221; box_shadow_style=&#8221;preset3&#8243; global_colors_info=&#8221;{}&#8221;][et_pb_heading title=&#8221;\u00bfNecesitas una cotizaci\u00f3n personalizada?&#8221; _builder_version=&#8221;4.27.4&#8243; _module_preset=&#8221;default&#8221; title_font=&#8221;|700|||||||&#8221; title_text_align=&#8221;center&#8221; custom_margin=&#8221;||5px||false|false&#8221; hover_enabled=&#8221;0&#8243; global_colors_info=&#8221;{}&#8221; sticky_enabled=&#8221;0&#8243;][\/et_pb_heading][et_pb_text _builder_version=&#8221;4.27.4&#8243; _module_preset=&#8221;default&#8221; text_text_color=&#8221;#000000&#8243; text_font_size=&#8221;17px&#8221; custom_margin=&#8221;||0px||false|false&#8221; custom_padding=&#8221;||||false|false&#8221; global_colors_info=&#8221;{}&#8221;]<\/p>\n<p class=\"text-lg text-gray-600 mb-8\" style=\"text-align: center;\">Nuestros expertos est\u00e1n listos para evaluar tu proyecto y ofrecerte la mejor soluci\u00f3n.<\/p>\n<div class=\"flex flex-col sm:flex-row gap-4 justify-center\"><\/div>\n<ul data-sourcepos=\"16:1-19:24\"><\/ul>\n<ul data-sourcepos=\"7:1-10:25\"><\/ul>\n<p>[\/et_pb_text][et_pb_button button_url=&#8221;https:\/\/vikas.cl\/?page_id=26&#8243; button_text=&#8221;Solicitar Presupuesto&#8221; _builder_version=&#8221;4.27.4&#8243; _module_preset=&#8221;default&#8221; custom_margin=&#8221;||20px||false|false&#8221; custom_padding=&#8221;||||false|false&#8221; global_colors_info=&#8221;{}&#8221; button_text_color__hover_enabled=&#8221;on|hover&#8221; button_text_color__hover=&#8221;#FFFFFF&#8221; button_bg_color__hover_enabled=&#8221;on|hover&#8221; button_bg_color__hover=&#8221;#2ea3f2&#8243; button_bg_enable_color__hover=&#8221;on&#8221; transform_styles__hover_enabled=&#8221;on|hover&#8221; transform_scale__hover_enabled=&#8221;on|hover&#8221; transform_translate__hover_enabled=&#8221;on|hover&#8221; transform_rotate__hover_enabled=&#8221;on|hover&#8221; transform_skew__hover_enabled=&#8221;on|hover&#8221; transform_origin__hover_enabled=&#8221;on|hover&#8221; transform_scale__hover=&#8221;105%|105%&#8221;][\/et_pb_button][et_pb_button button_text=&#8221;Ver Proyectos&#8221; disabled_on=&#8221;on|on|on&#8221; _builder_version=&#8221;4.27.4&#8243; _module_preset=&#8221;default&#8221; custom_margin=&#8221;|||30px|false|false&#8221; custom_margin_tablet=&#8221;|||30px|false|false&#8221; custom_margin_phone=&#8221;|||0px|false|false&#8221; custom_margin_last_edited=&#8221;on|phone&#8221; custom_padding=&#8221;||||false|false&#8221; disabled=&#8221;on&#8221; global_colors_info=&#8221;{}&#8221; button_text_color__hover_enabled=&#8221;on|hover&#8221; button_text_color__hover=&#8221;#FFFFFF&#8221; button_bg_color__hover_enabled=&#8221;on|hover&#8221; button_bg_color__hover=&#8221;#2ea3f2&#8243; button_bg_enable_color__hover=&#8221;on&#8221; transform_styles__hover_enabled=&#8221;on|hover&#8221; transform_scale__hover_enabled=&#8221;on|hover&#8221; transform_translate__hover_enabled=&#8221;on|hover&#8221; transform_rotate__hover_enabled=&#8221;on|hover&#8221; transform_skew__hover_enabled=&#8221;on|hover&#8221; transform_origin__hover_enabled=&#8221;on|hover&#8221; transform_scale__hover=&#8221;105%|105%&#8221; custom_margin__hover_enabled=&#8221;off|desktop&#8221;][\/et_pb_button][\/et_pb_column][\/et_pb_row][\/et_pb_section]<\/p>\n","protected":false},"excerpt":{"rendered":"<p>Mantenimiento Preventivo En Vikas Multiservicios realizamos planes de mantenimiento preventivo dise\u00f1ados para mantener el \u00f3ptimo funcionamiento de sistemas de climatizaci\u00f3n y equipos el\u00e9ctricos. Aplicamos protocolos t\u00e9cnicos certificados que permiten detectar y corregir fallas antes de que ocurran, garantizando seguridad, eficiencia y continuidad operativa en cada instalaci\u00f3n.Cuidado y Eficiencia Garantizada Nuestros mantenimientos peri\u00f3dicos aseguran el rendimiento [&hellip;]<\/p>\n","protected":false},"author":1,"featured_media":0,"parent":0,"menu_order":0,"comment_status":"closed","ping_status":"closed","template":"","meta":{"_acf_changed":false,"_et_pb_use_builder":"on","_et_pb_old_content":"","_et_gb_content_width":"","footnotes":""},"class_list":["post-543","page","type-page","status-publish","hentry"],"acf":[],"_links":{"self":[{"href":"https:\/\/vikas.cl\/index.php?rest_route=\/wp\/v2\/pages\/543","targetHints":{"allow":["GET"]}}],"collection":[{"href":"https:\/\/vikas.cl\/index.php?rest_route=\/wp\/v2\/pages"}],"about":[{"href":"https:\/\/vikas.cl\/index.php?rest_route=\/wp\/v2\/types\/page"}],"author":[{"embeddable":true,"href":"https:\/\/vikas.cl\/index.php?rest_route=\/wp\/v2\/users\/1"}],"replies":[{"embeddable":true,"href":"https:\/\/vikas.cl\/index.php?rest_route=%2Fwp%2Fv2%2Fcomments&post=543"}],"version-history":[{"count":5,"href":"https:\/\/vikas.cl\/index.php?rest_route=\/wp\/v2\/pages\/543\/revisions"}],"predecessor-version":[{"id":655,"href":"https:\/\/vikas.cl\/index.php?rest_route=\/wp\/v2\/pages\/543\/revisions\/655"}],"wp:attachment":[{"href":"https:\/\/vikas.cl\/index.php?rest_route=%2Fwp%2Fv2%2Fmedia&parent=543"}],"curies":[{"name":"wp","href":"https:\/\/api.w.org\/{rel}","templated":true}]}}